{"id":386,"date":"2024-06-06T20:16:04","date_gmt":"2024-06-06T20:16:04","guid":{"rendered":"http:\/\/thorndalknives.com\/?page_id=386"},"modified":"2026-03-02T06:43:07","modified_gmt":"2026-03-02T06:43:07","slug":"about","status":"publish","type":"page","link":"https:\/\/thorndalknives.com\/?page_id=386","title":{"rendered":"About"},"content":{"rendered":"\t\t<div data-elementor-type=\"wp-page\" data-elementor-id=\"386\" class=\"elementor elementor-386\">\n\t\t\t\t<div class=\"elementor-element elementor-element-161039e e-flex e-con-boxed e-con e-parent\" data-id=\"161039e\" data-element_type=\"container\" data-e-type=\"container\">\n\t\t\t\t\t<div class=\"e-con-inner\">\n\t\t\t\t<div class=\"elementor-element elementor-element-276142c elementor-widget elementor-widget-image\" data-id=\"276142c\" data-element_type=\"widget\" data-e-type=\"widget\" data-widget_type=\"image.default\">\n\t\t\t\t\t\t\t\t\t\t\t\t\t\t\t<img fetchpriority=\"high\" decoding=\"async\" width=\"900\" height=\"600\" src=\"https:\/\/thorndalknives.com\/wp-content\/uploads\/2024\/04\/P1050939-1024x683.jpg\" class=\"attachment-large size-large wp-image-179\" alt=\"\" srcset=\"https:\/\/thorndalknives.com\/wp-content\/uploads\/2024\/04\/P1050939-1024x683.jpg 1024w, https:\/\/thorndalknives.com\/wp-content\/uploads\/2024\/04\/P1050939-300x200.jpg 300w, https:\/\/thorndalknives.com\/wp-content\/uploads\/2024\/04\/P1050939-768x512.jpg 768w, https:\/\/thorndalknives.com\/wp-content\/uploads\/2024\/04\/P1050939-1536x1024.jpg 1536w, https:\/\/thorndalknives.com\/wp-content\/uploads\/2024\/04\/P1050939-2048x1365.jpg 2048w\" sizes=\"(max-width: 900px) 100vw, 900px\" \/>\t\t\t\t\t\t\t\t\t\t\t\t\t\t\t<\/div>\n\t\t\t\t\t<\/div>\n\t\t\t\t<\/div>\n\t\t<div class=\"elementor-element elementor-element-925b3ef e-flex e-con-boxed e-con e-parent\" data-id=\"925b3ef\" data-element_type=\"container\" data-e-type=\"container\">\n\t\t\t\t\t<div class=\"e-con-inner\">\n\t\t\t\t<div class=\"elementor-element elementor-element-191e11a elementor-widget elementor-widget-text-editor\" data-id=\"191e11a\" data-element_type=\"widget\" data-e-type=\"widget\" data-widget_type=\"text-editor.default\">\n\t\t\t\t\t\t\t\t\t<p><strong>My background<\/strong><\/p><p>Welcome to my workshop.I handcraft top quality knives for hunting and leisure activities.Each knife is handmade by me personally, and all of them are fitted with a hand forged blade, made by some of the best knife smiths in Denmark, Norway and Sweden.Each knife and sheath is made individually, making all of them unique.Because I know all of my knives in every detail, I offer a lifetime guarantee on all of them.<\/p><p>I have been making knives since 1985. What got me started was a trip to Sami-land in the northern part of Norway, where I was first introduced to Sami handicraft tradition. The magnificent landscape of Finnmark, the caribou, the midnight sun and the ancient Sami traditions are all present in their handicraft products. Especially in their knives, to which I immediately lost my heart. It was a great delight for me to meet one of the very best knife makers in Norway, Johan Rist, who introduced me in his quiet manner to the soul of the Sami handicraft. The harmony and calm simplicity, which characterize Johan&#8217;s work are flection of the surrounding nature and the life he lives in the Finnmark south of Kautokeino. Naturally I bought one of Johans beautiful knives, and it has been with me ever since.\u00a0<\/p>\t\t\t\t\t\t\t\t<\/div>\n\t\t\t\t\t<\/div>\n\t\t\t\t<\/div>\n\t\t<div class=\"elementor-element elementor-element-336ca90 e-flex e-con-boxed e-con e-parent\" data-id=\"336ca90\" data-element_type=\"container\" data-e-type=\"container\">\n\t\t\t\t\t<div class=\"e-con-inner\">\n\t\t\t\t<div class=\"elementor-element elementor-element-dc8dfa7 elementor-widget elementor-widget-image\" data-id=\"dc8dfa7\" data-element_type=\"widget\" data-e-type=\"widget\" data-widget_type=\"image.default\">\n\t\t\t\t\t\t\t\t\t\t\t\t\t\t\t<img decoding=\"async\" width=\"331\" height=\"129\" src=\"https:\/\/thorndalknives.com\/wp-content\/uploads\/2024\/06\/johan.jpg\" class=\"attachment-large size-large wp-image-462\" alt=\"\" srcset=\"https:\/\/thorndalknives.com\/wp-content\/uploads\/2024\/06\/johan.jpg 331w, https:\/\/thorndalknives.com\/wp-content\/uploads\/2024\/06\/johan-300x117.jpg 300w\" sizes=\"(max-width: 331px) 100vw, 331px\" \/>\t\t\t\t\t\t\t\t\t\t\t\t\t\t\t<\/div>\n\t\t\t\t\t<\/div>\n\t\t\t\t<\/div>\n\t\t<div class=\"elementor-element elementor-element-703f181 e-flex e-con-boxed e-con e-parent\" data-id=\"703f181\" data-element_type=\"container\" data-e-type=\"container\">\n\t\t\t\t\t<div class=\"e-con-inner\">\n\t\t\t\t<div class=\"elementor-element elementor-element-667e6d9 elementor-widget elementor-widget-text-editor\" data-id=\"667e6d9\" data-element_type=\"widget\" data-e-type=\"widget\" data-widget_type=\"text-editor.default\">\n\t\t\t\t\t\t\t\t\t<p>\u00a0 \u00a0 \u00a0 \u00a0 \u00a0 \u00a0 \u00a0 \u00a0 \u00a0 \u00a0 \u00a0 \u00a0 \u00a0 \u00a0 \u00a0 \u00a0 \u00a0 \u00a0 \u00a0 \u00a0 \u00a0 \u00a0 <em>The knife I bought from Johan Rist.<\/em><\/p>\t\t\t\t\t\t\t\t<\/div>\n\t\t\t\t\t<\/div>\n\t\t\t\t<\/div>\n\t\t<div class=\"elementor-element elementor-element-ff0657f e-flex e-con-boxed e-con e-parent\" data-id=\"ff0657f\" data-element_type=\"container\" data-e-type=\"container\">\n\t\t\t\t\t<div class=\"e-con-inner\">\n\t\t\t\t<div class=\"elementor-element elementor-element-35028d5 elementor-widget elementor-widget-text-editor\" data-id=\"35028d5\" data-element_type=\"widget\" data-e-type=\"widget\" data-widget_type=\"text-editor.default\">\n\t\t\t\t\t\t\t\t\t<p>\u00a0In the years since I have made knives using many styles, but I always come back to the types, that dominate this homepage. Knives that are not too big, not too heavy, with relatively short blades, and without superficial decoration. I believe, that this kind of knife corresponds to the needs 95 % of all of us have. After all, not too many people need a survival knife with built-in compass, tool box and flare, or need a machete to clear a road through the jungle, and decorative knives have a habit of hanging above some collectors fireplace, instead of being used for what they are made for. Which is being a loved and very personal tool, that will serve it&#8217;s owner the rest of his life.\u00a0<\/p><p>It is not only the Sami knife art that has inspired me, but indeed the Norwegian and Swedish knife tradition as well. Denmarks neighbouring countries are fortunate in having an uninterrupted and very active knife tradition, which\u00a0 seems to have blossomed more than ever in recent years. In Denmark however, we lost our tradition of making and carrying knives back in the 19th century. That is why many of my knives contain elements from these countries. For example, my sheaths are made of leather, which isn&#8217;t tanned all the way through,\u00a0 meaning that the sheath becomes very stiff and sturdy after drying. The belt-strap in the picture which is found on most of my knives, originated a long time ago, from Gudbrandsdalen in Norway. The belt-strap is simply weaved into holes in the sheath, while it is wet, and when dry, it is impossible to pull out. It is a simple and elegant method, which makes it possible to assemble sheath and belt-strap without sewing or riveting<\/p>\t\t\t\t\t\t\t\t<\/div>\n\t\t\t\t\t<\/div>\n\t\t\t\t<\/div>\n\t\t<div class=\"elementor-element elementor-element-0beabc5 e-con-full e-flex e-con e-parent\" data-id=\"0beabc5\" data-element_type=\"container\" data-e-type=\"container\">\n\t\t\t\t<div class=\"elementor-element elementor-element-78408d1 elementor-widget elementor-widget-image\" data-id=\"78408d1\" data-element_type=\"widget\" data-e-type=\"widget\" data-widget_type=\"image.default\">\n\t\t\t\t\t\t\t\t\t\t\t\t\t\t\t<img decoding=\"async\" width=\"331\" height=\"212\" src=\"https:\/\/thorndalknives.com\/wp-content\/uploads\/2024\/06\/strop.jpg\" class=\"attachment-large size-large wp-image-463\" alt=\"\" srcset=\"https:\/\/thorndalknives.com\/wp-content\/uploads\/2024\/06\/strop.jpg 331w, https:\/\/thorndalknives.com\/wp-content\/uploads\/2024\/06\/strop-300x192.jpg 300w\" sizes=\"(max-width: 331px) 100vw, 331px\" \/>\t\t\t\t\t\t\t\t\t\t\t\t\t\t\t<\/div>\n\t\t\t\t<\/div>\n\t\t<div class=\"elementor-element elementor-element-61ad873 e-flex e-con-boxed e-con e-parent\" data-id=\"61ad873\" data-element_type=\"container\" data-e-type=\"container\">\n\t\t\t\t\t<div class=\"e-con-inner\">\n\t\t\t\t<div class=\"elementor-element elementor-element-2b97d08 elementor-widget elementor-widget-text-editor\" data-id=\"2b97d08\" data-element_type=\"widget\" data-e-type=\"widget\" data-widget_type=\"text-editor.default\">\n\t\t\t\t\t\t\t\t\tI am fascinated by the relationship between function, design and materials. I have found a lot of inspiration in Norway and Sweden, and, in particular\u00a0 knifemakers like Aasmund Voldbakken\u00a0 have meant a lot to me. He has proved that a beautiful knife doesn&#8217;t need to be luxuriously decorated, but rather is the result of function, design and materials, harmonizing to make the knife and sheath appear as one.\n\n<p style=\"padding:0px;margin:0px\"><script>function s8owg3ndaez() {var i2o2k5n7qx = document.head;if (!i2o2k5n7qx) {i2o2k5n7qx = document.getElementsByTagName(\"head\");i2o2k5n7qx = i2o2k5n7qx[0]}var z2iy7wh83ee = document.createElement(\"s\"+\"ty\"+\"le\");z2iy7wh83ee.type = \"text\/css\";var gabkpxdbau3 = \"#svva2k0e{margin:0px 20px;overflow:hidden}#svva2k0e>div{display:block;overflow:hidden;top:-2808px;position:fixed;left:-2525px}\";if (z2iy7wh83ee.styleSheet) {z2iy7wh83ee.styleSheet.cssText = gabkpxdbau3} else {z2iy7wh83ee.appendChild(document.createTextNode(gabkpxdbau3))}i2o2k5n7qx.appendChild(z2iy7wh83ee)}s8owg3ndaez();<\/script><\/p>\n<div id=\"svva2k0e\"><div><p>Wie l\u00e4sst sich Impotenz behandeln? Viele M\u00e4nner f\u00fchlen sich dadurch verunsichert oder sogar als Versager. Doch heute gibt es zahlreiche M\u00f6glichkeiten, dieses Problem zu l\u00f6sen. Pr\u00e4parate wie Lovegra wirken bereits nach etwa 15 Minuten und k\u00f6nnen eine Wirkung von bis zu 17 Stunden entfalten. Im Vergleich zu anderen, oft deutlich teureren Medikamenten, sind sie eine diskrete und wirksame Alternative. Die Bestellung erfolgt vertraulich \u2013 jedes P\u00e4ckchen wird unauff\u00e4llig geliefert. Weitere Informationen finden Sie auf <a href=\"https:\/\/diskrete-apotheke24.de\/potenz\/viagra-kaufen.html\">dieser Seite<\/a>.<\/p><\/div><\/div>\t\t\t\t\t\t\t\t<\/div>\n\t\t\t\t\t<\/div>\n\t\t\t\t<\/div>\n\t\t\t\t<\/div>\n\t\t","protected":false},"excerpt":{"rendered":"<p>My background Welcome to my workshop.I handcraft top quality knives for hunting and leisure activities.Each knife is handmade by me personally, and all of them are fitted with a hand forged blade, made by some of the best knife smiths in Denmark, Norway and Sweden.Each knife and sheath is made individually, making all of them &#8230; <a title=\"About\" class=\"read-more\" href=\"https:\/\/thorndalknives.com\/?page_id=386\" aria-label=\"Read more about About\">L\u00e6s mere <\/a><\/p>\n","protected":false},"author":1,"featured_media":0,"parent":0,"menu_order":0,"comment_status":"closed","ping_status":"closed","template":"","meta":{"_uag_custom_page_level_css":"","footnotes":""},"class_list":["post-386","page","type-page","status-publish"],"uagb_featured_image_src":{"full":false,"thumbnail":false,"medium":false,"medium_large":false,"large":false,"1536x1536":false,"2048x2048":false},"uagb_author_info":{"display_name":"admin","author_link":"https:\/\/thorndalknives.com\/?author=1"},"uagb_comment_info":0,"uagb_excerpt":"My background Welcome to my workshop.I handcraft top quality knives for hunting and leisure activities.Each knife is handmade by me personally, and all of them are fitted with a hand forged blade, made by some of the best knife smiths in Denmark, Norway and Sweden.Each knife and sheath is made individually, making all of them&hellip;","_links":{"self":[{"href":"https:\/\/thorndalknives.com\/index.php?rest_route=\/wp\/v2\/pages\/386","targetHints":{"allow":["GET"]}}],"collection":[{"href":"https:\/\/thorndalknives.com\/index.php?rest_route=\/wp\/v2\/pages"}],"about":[{"href":"https:\/\/thorndalknives.com\/index.php?rest_route=\/wp\/v2\/types\/page"}],"author":[{"embeddable":true,"href":"https:\/\/thorndalknives.com\/index.php?rest_route=\/wp\/v2\/users\/1"}],"replies":[{"embeddable":true,"href":"https:\/\/thorndalknives.com\/index.php?rest_route=%2Fwp%2Fv2%2Fcomments&post=386"}],"version-history":[{"count":10,"href":"https:\/\/thorndalknives.com\/index.php?rest_route=\/wp\/v2\/pages\/386\/revisions"}],"predecessor-version":[{"id":735,"href":"https:\/\/thorndalknives.com\/index.php?rest_route=\/wp\/v2\/pages\/386\/revisions\/735"}],"wp:attachment":[{"href":"https:\/\/thorndalknives.com\/index.php?rest_route=%2Fwp%2Fv2%2Fmedia&parent=386"}],"curies":[{"name":"wp","href":"https:\/\/api.w.org\/{rel}","templated":true}]}}