{"id":398,"date":"2024-06-07T20:37:38","date_gmt":"2024-06-07T20:37:38","guid":{"rendered":"http:\/\/thorndalknives.com\/?page_id=398"},"modified":"2024-08-16T20:53:00","modified_gmt":"2024-08-16T20:53:00","slug":"om-mig","status":"publish","type":"page","link":"https:\/\/thorndalknives.com\/?page_id=398","title":{"rendered":"Om mig"},"content":{"rendered":"\t\t<div data-elementor-type=\"wp-page\" data-elementor-id=\"398\" class=\"elementor elementor-398\">\n\t\t\t\t<div class=\"elementor-element elementor-element-0f87da4 e-flex e-con-boxed e-con e-parent\" data-id=\"0f87da4\" data-element_type=\"container\" data-e-type=\"container\">\n\t\t\t\t\t<div class=\"e-con-inner\">\n\t\t\t\t<div class=\"elementor-element elementor-element-16db053 elementor-widget elementor-widget-image\" data-id=\"16db053\" data-element_type=\"widget\" data-e-type=\"widget\" data-widget_type=\"image.default\">\n\t\t\t\t\t\t\t\t\t\t\t\t\t\t\t<img fetchpriority=\"high\" decoding=\"async\" width=\"900\" height=\"497\" src=\"https:\/\/thorndalknives.com\/wp-content\/uploads\/2024\/04\/vaerksted-1024x565.jpg\" class=\"attachment-large size-large wp-image-186\" alt=\"\" srcset=\"https:\/\/thorndalknives.com\/wp-content\/uploads\/2024\/04\/vaerksted-1024x565.jpg 1024w, https:\/\/thorndalknives.com\/wp-content\/uploads\/2024\/04\/vaerksted-300x166.jpg 300w, https:\/\/thorndalknives.com\/wp-content\/uploads\/2024\/04\/vaerksted-768x424.jpg 768w, https:\/\/thorndalknives.com\/wp-content\/uploads\/2024\/04\/vaerksted.jpg 1181w\" sizes=\"(max-width: 900px) 100vw, 900px\" \/>\t\t\t\t\t\t\t\t\t\t\t\t\t\t\t<\/div>\n\t\t\t\t\t<\/div>\n\t\t\t\t<\/div>\n\t\t<div class=\"elementor-element elementor-element-3158d49 e-flex e-con-boxed e-con e-parent\" data-id=\"3158d49\" data-element_type=\"container\" data-e-type=\"container\">\n\t\t\t\t\t<div class=\"e-con-inner\">\n\t\t\t\t<div class=\"elementor-element elementor-element-32dee26 elementor-widget elementor-widget-text-editor\" data-id=\"32dee26\" data-element_type=\"widget\" data-e-type=\"widget\" data-widget_type=\"text-editor.default\">\n\t\t\t\t\t\t\t\t\t<p>Lidt om mig<\/p>\n<p>Velkommen til mit knivv\u00e6rksted. Jeg fremstiller knive af h\u00f8j kvalitet til jagt og fritidsbrug. Alle knive er fremstillet af mig, og alle knive er forsynet med et h\u00e5ndsmedet blad, smedet af nogle af de dygtigste knivsmede i Danmark, Norge og Sverige. Alle knive er fremstillet individuelt, med en skede fremstillet til netop denne kniv, hvilket betyder, at der kun findes en af hver slags. Fordi jeg selv kender hver eneste kniv helt igennem, er jeg ikke bange for at give livsvarig garanti (mit liv) p\u00e5 alle knive.&nbsp;<\/p>\n<p><span style=\"font-family: var( --e-global-typography-text-font-family ), Sans-serif; font-weight: var( --e-global-typography-text-font-weight ); text-align: var(--text-align); background-color: var(--base-3);\">Jeg har lavet knive siden 1985, og det der fik mig i gang, var en rejse til Sameland i det nordligste Norge, hvor jeg for f\u00f8rste gang m\u00f8dte samesl\u00f8jden i sit eget milieu. Den storsl\u00e5ede Finnmarks-vidda, renerne, midnatssolen og samernes urgamle tradition findes at l\u00e6se i deres sl\u00f8jd og ikke mindst i deres knive, som jeg straks tabte mit hjerte til. Jeg havde den store gl\u00e6de, at stifte bekendtskab med en af de aller dygtigste knivmagere og samesl\u00f8jdere i Norge, Johan Rist, som p\u00e5 sin egen stille facon indf\u00f8rte mig i samesl\u00f8jdens sj\u00e6l. N\u00e5r Johans arbejder b\u00e6rer pr\u00e6g af harmoni og rolig enkelhed, er det en afspejling af den natur der omgiver ham og det liv han lever p\u00e5 Finnmarks-vidda syd for Kautokeino. Det endte naturligvis med, at jeg k\u00f8bte en af Johans smukke knive, og den har h\u00e6ngt i mit b\u00e6lte lige siden.<\/span><\/p>\n<p>I de f\u00f8lgende \u00e5r har jeg eksperimenteret med mange forskellige stilarter, men jeg vender gang p\u00e5 gang tilbage til de typer, som dominerer denne hjemmeside. Knive som ikke er for store, ikke for tunge, med relativt korte blade og uden overfl\u00f8dig pynt. Det h\u00e6nger nok sammen med, at knive af denne type fint kan d\u00e6kke&nbsp; de behov 95 % af os har. Det er jo ikke ret mange af os, der nogen sinde f\u00e5r brug for en survival-knife med indbygget kompas, v\u00e6rkt\u00f8jskasse og n\u00f8dblus, eller har brug for en machete til at rydde urskov med. Og knive med overd\u00e5dige dekorationer og anden pynt, har det med at h\u00e6nge p\u00e5 pejsev\u00e6ggen hos samlere, i stedet for at blive brugt til det en kniv b\u00f8r v\u00e6re, nemlig et elsket og h\u00f8jst personligt stykke v\u00e6rkt\u00f8j, som ejeren kan have gl\u00e6de af resten af livet.<\/p>\n<p>Det er ikke kun samernes knivkunst, som har inspireret mig, men i h\u00f8j grad ogs\u00e5 den norske og svenske knivtradition. Vore nabolande er s\u00e5 heldige at have en ubrudt og levende knivtradition, som i de senere \u00e5r har f\u00e5et en yderligere opblomstring, mens vi i Danmark har mistet vores tradition for at fremstille og b\u00e6re kniv engang i 1800-tallet. Mine knive indeholder derfor mange elementer, som er hentet fra Norge og Sverige, bl. a. er mine skeder fremstillet af valkl\u00e6der, ogs\u00e5 kaldet&nbsp; r\u00e5randsl\u00e6der, d.v.s. l\u00e6der som ikke er garvet helt igennem, og derfor sikrer, at skeden er meget h\u00e5rd og formstabil n\u00e5r den er t\u00f8r.&nbsp; Skede-oph\u00e6nget p\u00e5 de fleste af mine knive er af meget gammel dato, og kommer&nbsp; fra Gudbrandsdalen i Norge. Oph\u00e6nget er simpelt hen &#8220;flettet\u201d ned i huller i skeden mens den er v\u00e5d, og n\u00e5r den er t\u00f8rret er det ikke til at tr\u00e6kke ud. Det er en enkel og elegant metode, som g\u00f8r det muligt at samle oph\u00e6ng og skede uden brug af syning eller nitter.<\/p>\n<p>Jeg er meget optaget af forholdet mellem funktion, design og materialer, og ogs\u00e5 her har jeg hentet megen inspiration i vore nabolande, og is\u00e6r har en knivmager som Aasmund Voldbakken betydet meget for mig. Han har om nogen bevist, at en smuk kniv ikke beh\u00f8ver at v\u00e6re rigt dekoreret, men m\u00e5ske netop opst\u00e5r n\u00e5r det rette forhold mellem funktion, design og materialer, f\u00e5r kniv og skede til at fremst\u00e5 som en helhed.<\/p>\t\t\t\t\t\t\t\t<\/div>\n\t\t\t\t\t<\/div>\n\t\t\t\t<\/div>\n\t\t<div class=\"elementor-element elementor-element-31a6e9c e-grid e-con-boxed e-con e-parent\" data-id=\"31a6e9c\" data-element_type=\"container\" data-e-type=\"container\">\n\t\t\t\t\t<div class=\"e-con-inner\">\n\t\t\t\t<div class=\"elementor-element elementor-element-a189c7a elementor-widget elementor-widget-image\" data-id=\"a189c7a\" data-element_type=\"widget\" data-e-type=\"widget\" data-widget_type=\"image.default\">\n\t\t\t\t\t\t\t\t\t\t\t\t\t\t\t<img decoding=\"async\" width=\"331\" height=\"129\" src=\"https:\/\/thorndalknives.com\/wp-content\/uploads\/2024\/06\/johan.jpg\" class=\"attachment-large size-large wp-image-462\" alt=\"\" srcset=\"https:\/\/thorndalknives.com\/wp-content\/uploads\/2024\/06\/johan.jpg 331w, https:\/\/thorndalknives.com\/wp-content\/uploads\/2024\/06\/johan-300x117.jpg 300w\" sizes=\"(max-width: 331px) 100vw, 331px\" \/>\t\t\t\t\t\t\t\t\t\t\t\t\t\t\t<\/div>\n\t\t\t\t<div class=\"elementor-element elementor-element-9bc6a08 elementor-widget elementor-widget-image\" data-id=\"9bc6a08\" data-element_type=\"widget\" data-e-type=\"widget\" data-widget_type=\"image.default\">\n\t\t\t\t\t\t\t\t\t\t\t\t\t\t\t<img decoding=\"async\" width=\"331\" height=\"212\" src=\"https:\/\/thorndalknives.com\/wp-content\/uploads\/2024\/06\/strop.jpg\" class=\"attachment-large size-large wp-image-463\" alt=\"\" srcset=\"https:\/\/thorndalknives.com\/wp-content\/uploads\/2024\/06\/strop.jpg 331w, https:\/\/thorndalknives.com\/wp-content\/uploads\/2024\/06\/strop-300x192.jpg 300w\" sizes=\"(max-width: 331px) 100vw, 331px\" \/>\t\t\t\t\t\t\t\t\t\t\t\t\t\t\t<\/div>\n\t\t\t\t<div class=\"elementor-element elementor-element-11550bd elementor-widget elementor-widget-text-editor\" data-id=\"11550bd\" data-element_type=\"widget\" data-e-type=\"widget\" data-widget_type=\"text-editor.default\">\n\t\t\t\t\t\t\t\t\t<p>Kniven jeg k\u00f8bte af Johan Rist<\/p>\t\t\t\t\t\t\t\t<\/div>\n\t\t\t\t<div class=\"elementor-element elementor-element-4f01f1e elementor-widget elementor-widget-text-editor\" data-id=\"4f01f1e\" data-element_type=\"widget\" data-e-type=\"widget\" data-widget_type=\"text-editor.default\">\n\t\t\t\t\t\t\t\t\t<p>Skede-oph\u00e6nget fra Gudbrandsdalen<\/p>\t\t\t\t\t\t\t\t<\/div>\n\t\t\t\t\t<\/div>\n\t\t\t\t<\/div>\n\t\t\t\t<\/div>\n\t\t","protected":false},"excerpt":{"rendered":"<p>Lidt om mig Velkommen til mit knivv\u00e6rksted. Jeg fremstiller knive af h\u00f8j kvalitet til jagt og fritidsbrug. Alle knive er fremstillet af mig, og alle knive er forsynet med et h\u00e5ndsmedet blad, smedet af nogle af de dygtigste knivsmede i Danmark, Norge og Sverige. Alle knive er fremstillet individuelt, med en skede fremstillet til netop &#8230; <a title=\"Om mig\" class=\"read-more\" href=\"https:\/\/thorndalknives.com\/?page_id=398\" aria-label=\"Read more about Om mig\">L\u00e6s mere <\/a><\/p>\n","protected":false},"author":1,"featured_media":0,"parent":0,"menu_order":0,"comment_status":"closed","ping_status":"closed","template":"","meta":{"_uag_custom_page_level_css":"","footnotes":""},"class_list":["post-398","page","type-page","status-publish"],"uagb_featured_image_src":{"full":false,"thumbnail":false,"medium":false,"medium_large":false,"large":false,"1536x1536":false,"2048x2048":false},"uagb_author_info":{"display_name":"admin","author_link":"https:\/\/thorndalknives.com\/?author=1"},"uagb_comment_info":0,"uagb_excerpt":"Lidt om mig Velkommen til mit knivv\u00e6rksted. Jeg fremstiller knive af h\u00f8j kvalitet til jagt og fritidsbrug. Alle knive er fremstillet af mig, og alle knive er forsynet med et h\u00e5ndsmedet blad, smedet af nogle af de dygtigste knivsmede i Danmark, Norge og Sverige. Alle knive er fremstillet individuelt, med en skede fremstillet til netop&hellip;","_links":{"self":[{"href":"https:\/\/thorndalknives.com\/index.php?rest_route=\/wp\/v2\/pages\/398","targetHints":{"allow":["GET"]}}],"collection":[{"href":"https:\/\/thorndalknives.com\/index.php?rest_route=\/wp\/v2\/pages"}],"about":[{"href":"https:\/\/thorndalknives.com\/index.php?rest_route=\/wp\/v2\/types\/page"}],"author":[{"embeddable":true,"href":"https:\/\/thorndalknives.com\/index.php?rest_route=\/wp\/v2\/users\/1"}],"replies":[{"embeddable":true,"href":"https:\/\/thorndalknives.com\/index.php?rest_route=%2Fwp%2Fv2%2Fcomments&post=398"}],"version-history":[{"count":7,"href":"https:\/\/thorndalknives.com\/index.php?rest_route=\/wp\/v2\/pages\/398\/revisions"}],"predecessor-version":[{"id":553,"href":"https:\/\/thorndalknives.com\/index.php?rest_route=\/wp\/v2\/pages\/398\/revisions\/553"}],"wp:attachment":[{"href":"https:\/\/thorndalknives.com\/index.php?rest_route=%2Fwp%2Fv2%2Fmedia&parent=398"}],"curies":[{"name":"wp","href":"https:\/\/api.w.org\/{rel}","templated":true}]}}